{"id":1698,"date":"2024-08-19T02:28:03","date_gmt":"2024-08-19T02:28:03","guid":{"rendered":"http:\/\/tuhfa.ma\/?product=lmassira-black-wrath-shirt"},"modified":"2025-10-27T20:06:59","modified_gmt":"2025-10-27T20:06:59","slug":"lmassira-black-wrath-shirt","status":"publish","type":"product","link":"https:\/\/tuhfa.ma\/?product=lmassira-black-wrath-shirt","title":{"rendered":"L\\&#8217;Massira &#8211; BLACK &#8211; WRATH SHIRT"},"content":{"rendered":"<p>Type de tissu : Molletton Invisible<\/p>\n<p>100% coton biologique peign\u00e9 fil\u00e9 \u00e0 l\u2019anneau<\/p>\n<p>Poids du tissu : 240 GSM<\/p>\n<p>Coupe confortable<\/p>\n","protected":false},"excerpt":{"rendered":"<p>The Green March is a proud chapter in Moroccan history, a symbol of unity and peaceful resolve. Thousands of Moroccans marched with green flags, reclaiming our land with courage and solidarity. This legacy of determination and national pride continues to inspire us today.<\/p>\n","protected":false},"featured_media":1701,"comment_status":"open","ping_status":"closed","template":"","meta":{"_surecart_dashboard_logo_width":"180px","_surecart_dashboard_show_logo":true,"_surecart_dashboard_navigation_orders":true,"_surecart_dashboard_navigation_invoices":true,"_surecart_dashboard_navigation_subscriptions":true,"_surecart_dashboard_navigation_downloads":true,"_surecart_dashboard_navigation_billing":true,"_surecart_dashboard_navigation_account":true,"_uag_custom_page_level_css":""},"product_brand":[],"product_cat":[49],"product_tag":[36,42,48,50,52],"class_list":{"0":"post-1698","1":"product","2":"type-product","3":"status-publish","4":"has-post-thumbnail","6":"product_cat-tshirt","7":"product_tag-black","8":"product_tag-green-march","9":"product_tag-massira","10":"product_tag-tshirt","11":"product_tag-wrath","13":"first","14":"outofstock","15":"sale","16":"shipping-taxable","17":"purchasable","18":"product-type-variable","19":"has-default-attributes"},"uagb_featured_image_src":{"full":["https:\/\/tuhfa.ma\/wp-content\/uploads\/2024\/08\/Wrath-Front-Black-Men.jpg",1280,1280,false],"thumbnail":["https:\/\/tuhfa.ma\/wp-content\/uploads\/2024\/08\/Wrath-Front-Black-Men.jpg",150,150,false],"medium":["https:\/\/tuhfa.ma\/wp-content\/uploads\/2024\/08\/Wrath-Front-Black-Men.jpg",300,300,false],"medium_large":["https:\/\/tuhfa.ma\/wp-content\/uploads\/2024\/08\/Wrath-Front-Black-Men.jpg",768,768,false],"large":["https:\/\/tuhfa.ma\/wp-content\/uploads\/2024\/08\/Wrath-Front-Black-Men.jpg",1024,1024,false],"1536x1536":["https:\/\/tuhfa.ma\/wp-content\/uploads\/2024\/08\/Wrath-Front-Black-Men.jpg",1280,1280,false],"2048x2048":["https:\/\/tuhfa.ma\/wp-content\/uploads\/2024\/08\/Wrath-Front-Black-Men.jpg",1280,1280,false],"woocommerce_archive_thumbnail":["https:\/\/tuhfa.ma\/wp-content\/uploads\/2024\/08\/Wrath-Front-Black-Men.jpg",300,300,false],"mailpoet_newsletter_max":["https:\/\/tuhfa.ma\/wp-content\/uploads\/2024\/08\/Wrath-Front-Black-Men.jpg",1280,1280,false],"woocommerce_thumbnail":["https:\/\/tuhfa.ma\/wp-content\/uploads\/2024\/08\/Wrath-Front-Black-Men.jpg",300,300,false],"woocommerce_single":["https:\/\/tuhfa.ma\/wp-content\/uploads\/2024\/08\/Wrath-Front-Black-Men.jpg",600,600,false],"woocommerce_gallery_thumbnail":["https:\/\/tuhfa.ma\/wp-content\/uploads\/2024\/08\/Wrath-Front-Black-Men.jpg",100,100,false],"woosq":["https:\/\/tuhfa.ma\/wp-content\/uploads\/2024\/08\/Wrath-Front-Black-Men.jpg",460,460,false]},"uagb_author_info":{"display_name":"admin","author_link":"https:\/\/tuhfa.ma\/?author=0"},"uagb_comment_info":0,"uagb_excerpt":"The Green March is a proud chapter in Moroccan history, a symbol of unity and peaceful resolve. Thousands of Moroccans marched with green flags, reclaiming our land with courage and solidarity. This legacy of determination and national pride continues to inspire us today.","jetpack_sharing_enabled":true,"_links":{"self":[{"href":"https:\/\/tuhfa.ma\/index.php?rest_route=\/wp\/v2\/product\/1698","targetHints":{"allow":["GET"]}}],"collection":[{"href":"https:\/\/tuhfa.ma\/index.php?rest_route=\/wp\/v2\/product"}],"about":[{"href":"https:\/\/tuhfa.ma\/index.php?rest_route=\/wp\/v2\/types\/product"}],"replies":[{"embeddable":true,"href":"https:\/\/tuhfa.ma\/index.php?rest_route=%2Fwp%2Fv2%2Fcomments&post=1698"}],"wp:featuredmedia":[{"embeddable":true,"href":"https:\/\/tuhfa.ma\/index.php?rest_route=\/wp\/v2\/media\/1701"}],"wp:attachment":[{"href":"https:\/\/tuhfa.ma\/index.php?rest_route=%2Fwp%2Fv2%2Fmedia&parent=1698"}],"wp:term":[{"taxonomy":"product_brand","embeddable":true,"href":"https:\/\/tuhfa.ma\/index.php?rest_route=%2Fwp%2Fv2%2Fproduct_brand&post=1698"},{"taxonomy":"product_cat","embeddable":true,"href":"https:\/\/tuhfa.ma\/index.php?rest_route=%2Fwp%2Fv2%2Fproduct_cat&post=1698"},{"taxonomy":"product_tag","embeddable":true,"href":"https:\/\/tuhfa.ma\/index.php?rest_route=%2Fwp%2Fv2%2Fproduct_tag&post=1698"}],"curies":[{"name":"wp","href":"https:\/\/api.w.org\/{rel}","templated":true}]}}