{"id":1741,"date":"2025-10-25T11:32:37","date_gmt":"2025-10-25T11:32:37","guid":{"rendered":"http:\/\/tuhfa.ma\/?post_type=product&#038;p=1741"},"modified":"2025-10-25T11:35:53","modified_gmt":"2025-10-25T11:35:53","slug":"lflous-talks-black-greed-shirt","status":"publish","type":"product","link":"https:\/\/tuhfa.ma\/?product=lflous-talks-black-greed-shirt","title":{"rendered":"LFLOUS TALKS &#8211; BLACK &#8211; GREED SHIRT"},"content":{"rendered":"<p>Type de tissu : Molletton Invisible<\/p>\n<p>100% coton biologique peign\u00e9 fil\u00e9 \u00e0 l\u2019anneau<\/p>\n<p>Poids du tissu : 240 GSM<\/p>\n<p>Coupe confortable<\/p>\n","protected":false},"excerpt":{"rendered":"<p>In Morocco, money is a lifeline that threads through our bustling souks and modern cities. It fuels dreams, sustains families, and drives our vibrant economy. Yet, true wealth lies in our values of generosity, community, and the richness of our shared experiences.<\/p>\n<p>Meanwhile, , greed is a shadow that taints the beauty of our rich culture and communal spirit. It drives the hunger for more, overshadowing the values of generosity and shared prosperity. Yet, amidst this pursuit, it stands in stark contrast to the true wealth found in our connections, traditions, and the warmth of our hearts.<\/p>\n","protected":false},"featured_media":1746,"comment_status":"open","ping_status":"closed","template":"","meta":{"_surecart_dashboard_logo_width":"180px","_surecart_dashboard_show_logo":true,"_surecart_dashboard_navigation_orders":true,"_surecart_dashboard_navigation_invoices":true,"_surecart_dashboard_navigation_subscriptions":true,"_surecart_dashboard_navigation_downloads":true,"_surecart_dashboard_navigation_billing":true,"_surecart_dashboard_navigation_account":true,"_uag_custom_page_level_css":""},"product_brand":[],"product_cat":[49],"product_tag":[41,45,50,51],"class_list":{"0":"post-1741","1":"product","2":"type-product","3":"status-publish","4":"has-post-thumbnail","6":"product_cat-tshirt","7":"product_tag-greed","8":"product_tag-lflous","9":"product_tag-tshirt","10":"product_tag-white","12":"first","13":"instock","14":"sale","15":"shipping-taxable","16":"purchasable","17":"product-type-variable"},"uagb_featured_image_src":{"full":["https:\/\/tuhfa.ma\/wp-content\/uploads\/2025\/10\/Money-Back-Black-Solo.jpg",1280,1280,false],"thumbnail":["https:\/\/tuhfa.ma\/wp-content\/uploads\/2025\/10\/Money-Back-Black-Solo.jpg",150,150,false],"medium":["https:\/\/tuhfa.ma\/wp-content\/uploads\/2025\/10\/Money-Back-Black-Solo.jpg",300,300,false],"medium_large":["https:\/\/tuhfa.ma\/wp-content\/uploads\/2025\/10\/Money-Back-Black-Solo.jpg",768,768,false],"large":["https:\/\/tuhfa.ma\/wp-content\/uploads\/2025\/10\/Money-Back-Black-Solo.jpg",1024,1024,false],"1536x1536":["https:\/\/tuhfa.ma\/wp-content\/uploads\/2025\/10\/Money-Back-Black-Solo.jpg",1280,1280,false],"2048x2048":["https:\/\/tuhfa.ma\/wp-content\/uploads\/2025\/10\/Money-Back-Black-Solo.jpg",1280,1280,false],"woocommerce_archive_thumbnail":["https:\/\/tuhfa.ma\/wp-content\/uploads\/2025\/10\/Money-Back-Black-Solo.jpg",300,300,false],"mailpoet_newsletter_max":["https:\/\/tuhfa.ma\/wp-content\/uploads\/2025\/10\/Money-Back-Black-Solo.jpg",1280,1280,false],"woocommerce_thumbnail":["https:\/\/tuhfa.ma\/wp-content\/uploads\/2025\/10\/Money-Back-Black-Solo.jpg",300,300,false],"woocommerce_single":["https:\/\/tuhfa.ma\/wp-content\/uploads\/2025\/10\/Money-Back-Black-Solo.jpg",600,600,false],"woocommerce_gallery_thumbnail":["https:\/\/tuhfa.ma\/wp-content\/uploads\/2025\/10\/Money-Back-Black-Solo.jpg",100,100,false],"woosq":["https:\/\/tuhfa.ma\/wp-content\/uploads\/2025\/10\/Money-Back-Black-Solo.jpg",460,460,false]},"uagb_author_info":{"display_name":"admin","author_link":"https:\/\/tuhfa.ma\/?author=0"},"uagb_comment_info":0,"uagb_excerpt":"In Morocco, money is a lifeline that threads through our bustling souks and modern cities. It fuels dreams, sustains families, and drives our vibrant economy. Yet, true wealth lies in our values of generosity, community, and the richness of our shared experiences. Meanwhile, , greed is a shadow that taints the beauty of our rich&hellip;","jetpack_sharing_enabled":true,"_links":{"self":[{"href":"https:\/\/tuhfa.ma\/index.php?rest_route=\/wp\/v2\/product\/1741","targetHints":{"allow":["GET"]}}],"collection":[{"href":"https:\/\/tuhfa.ma\/index.php?rest_route=\/wp\/v2\/product"}],"about":[{"href":"https:\/\/tuhfa.ma\/index.php?rest_route=\/wp\/v2\/types\/product"}],"replies":[{"embeddable":true,"href":"https:\/\/tuhfa.ma\/index.php?rest_route=%2Fwp%2Fv2%2Fcomments&post=1741"}],"wp:featuredmedia":[{"embeddable":true,"href":"https:\/\/tuhfa.ma\/index.php?rest_route=\/wp\/v2\/media\/1746"}],"wp:attachment":[{"href":"https:\/\/tuhfa.ma\/index.php?rest_route=%2Fwp%2Fv2%2Fmedia&parent=1741"}],"wp:term":[{"taxonomy":"product_brand","embeddable":true,"href":"https:\/\/tuhfa.ma\/index.php?rest_route=%2Fwp%2Fv2%2Fproduct_brand&post=1741"},{"taxonomy":"product_cat","embeddable":true,"href":"https:\/\/tuhfa.ma\/index.php?rest_route=%2Fwp%2Fv2%2Fproduct_cat&post=1741"},{"taxonomy":"product_tag","embeddable":true,"href":"https:\/\/tuhfa.ma\/index.php?rest_route=%2Fwp%2Fv2%2Fproduct_tag&post=1741"}],"curies":[{"name":"wp","href":"https:\/\/api.w.org\/{rel}","templated":true}]}}