{"id":1843,"date":"2025-10-27T19:51:08","date_gmt":"2025-10-27T19:51:08","guid":{"rendered":"http:\/\/tuhfa.ma\/?post_type=product&#038;p=1843"},"modified":"2025-10-27T20:03:57","modified_gmt":"2025-10-27T20:03:57","slug":"ghira-black-envy-hoodie","status":"publish","type":"product","link":"https:\/\/tuhfa.ma\/?product=ghira-black-envy-hoodie","title":{"rendered":"GHIRA \u2013 BLACK \u2013 ENVY HOODIE"},"content":{"rendered":"<p>Type de tissu : Molletton Invisible<\/p>\n<p>100% coton biologique peign\u00e9 fil\u00e9 \u00e0 l\u2019anneau<\/p>\n<p>Poids du tissu : 240 GSM<\/p>\n<p>Coupe confortable<\/p>\n","protected":false},"excerpt":{"rendered":"<p>In Morocco, envy can be a shadow that dims the light of our vibrant culture. Amidst the splendor of our landscapes and the warmth of our communities, it can sow discord and unrest. Yet, with wisdom and compassion, we strive to rise above, nurturing harmony and collective growth.<\/p>\n","protected":false},"featured_media":1847,"comment_status":"open","ping_status":"closed","template":"","meta":{"_surecart_dashboard_logo_width":"180px","_surecart_dashboard_show_logo":true,"_surecart_dashboard_navigation_orders":true,"_surecart_dashboard_navigation_invoices":true,"_surecart_dashboard_navigation_subscriptions":true,"_surecart_dashboard_navigation_downloads":true,"_surecart_dashboard_navigation_billing":true,"_surecart_dashboard_navigation_account":true,"_uag_custom_page_level_css":""},"product_brand":[],"product_cat":[60],"product_tag":[36,37,38,61],"class_list":{"0":"post-1843","1":"product","2":"type-product","3":"status-publish","4":"has-post-thumbnail","6":"product_cat-hoodie","7":"product_tag-black","8":"product_tag-envy","9":"product_tag-ghira","10":"product_tag-hoodie","12":"first","13":"instock","14":"shipping-taxable","15":"purchasable","16":"product-type-simple"},"uagb_featured_image_src":{"full":["https:\/\/tuhfa.ma\/wp-content\/uploads\/2025\/10\/ghira-hoodie-Front-solo.png",1843,1843,false],"thumbnail":["https:\/\/tuhfa.ma\/wp-content\/uploads\/2025\/10\/ghira-hoodie-Front-solo.png",150,150,false],"medium":["https:\/\/tuhfa.ma\/wp-content\/uploads\/2025\/10\/ghira-hoodie-Front-solo.png",300,300,false],"medium_large":["https:\/\/tuhfa.ma\/wp-content\/uploads\/2025\/10\/ghira-hoodie-Front-solo.png",768,768,false],"large":["https:\/\/tuhfa.ma\/wp-content\/uploads\/2025\/10\/ghira-hoodie-Front-solo.png",1024,1024,false],"1536x1536":["https:\/\/tuhfa.ma\/wp-content\/uploads\/2025\/10\/ghira-hoodie-Front-solo.png",1536,1536,false],"2048x2048":["https:\/\/tuhfa.ma\/wp-content\/uploads\/2025\/10\/ghira-hoodie-Front-solo.png",1843,1843,false],"woocommerce_archive_thumbnail":["https:\/\/tuhfa.ma\/wp-content\/uploads\/2025\/10\/ghira-hoodie-Front-solo.png",300,300,false],"mailpoet_newsletter_max":["https:\/\/tuhfa.ma\/wp-content\/uploads\/2025\/10\/ghira-hoodie-Front-solo.png",1320,1320,false],"woocommerce_thumbnail":["https:\/\/tuhfa.ma\/wp-content\/uploads\/2025\/10\/ghira-hoodie-Front-solo.png",300,300,false],"woocommerce_single":["https:\/\/tuhfa.ma\/wp-content\/uploads\/2025\/10\/ghira-hoodie-Front-solo.png",600,600,false],"woocommerce_gallery_thumbnail":["https:\/\/tuhfa.ma\/wp-content\/uploads\/2025\/10\/ghira-hoodie-Front-solo.png",100,100,false],"woosq":["https:\/\/tuhfa.ma\/wp-content\/uploads\/2025\/10\/ghira-hoodie-Front-solo.png",460,460,false]},"uagb_author_info":{"display_name":"admin","author_link":"https:\/\/tuhfa.ma\/?author=0"},"uagb_comment_info":0,"uagb_excerpt":"In Morocco, envy can be a shadow that dims the light of our vibrant culture. Amidst the splendor of our landscapes and the warmth of our communities, it can sow discord and unrest. Yet, with wisdom and compassion, we strive to rise above, nurturing harmony and collective growth.","jetpack_sharing_enabled":true,"_links":{"self":[{"href":"https:\/\/tuhfa.ma\/index.php?rest_route=\/wp\/v2\/product\/1843","targetHints":{"allow":["GET"]}}],"collection":[{"href":"https:\/\/tuhfa.ma\/index.php?rest_route=\/wp\/v2\/product"}],"about":[{"href":"https:\/\/tuhfa.ma\/index.php?rest_route=\/wp\/v2\/types\/product"}],"replies":[{"embeddable":true,"href":"https:\/\/tuhfa.ma\/index.php?rest_route=%2Fwp%2Fv2%2Fcomments&post=1843"}],"wp:featuredmedia":[{"embeddable":true,"href":"https:\/\/tuhfa.ma\/index.php?rest_route=\/wp\/v2\/media\/1847"}],"wp:attachment":[{"href":"https:\/\/tuhfa.ma\/index.php?rest_route=%2Fwp%2Fv2%2Fmedia&parent=1843"}],"wp:term":[{"taxonomy":"product_brand","embeddable":true,"href":"https:\/\/tuhfa.ma\/index.php?rest_route=%2Fwp%2Fv2%2Fproduct_brand&post=1843"},{"taxonomy":"product_cat","embeddable":true,"href":"https:\/\/tuhfa.ma\/index.php?rest_route=%2Fwp%2Fv2%2Fproduct_cat&post=1843"},{"taxonomy":"product_tag","embeddable":true,"href":"https:\/\/tuhfa.ma\/index.php?rest_route=%2Fwp%2Fv2%2Fproduct_tag&post=1843"}],"curies":[{"name":"wp","href":"https:\/\/api.w.org\/{rel}","templated":true}]}}