{"id":435,"date":"2024-08-18T15:59:31","date_gmt":"2024-08-18T15:59:31","guid":{"rendered":"http:\/\/tuhfa.ma\/?product=black-tshirt-atay-maghribi-2"},"modified":"2025-10-25T11:27:07","modified_gmt":"2025-10-25T11:27:07","slug":"black-tshirt-atay-maghribi-2","status":"publish","type":"product","link":"https:\/\/tuhfa.ma\/?product=black-tshirt-atay-maghribi-2","title":{"rendered":"ATAY &#8211; BLACK &#8211; GLUTTONY Shirt"},"content":{"rendered":"<p>Type de tissu : Molletton Invisible<\/p>\n<p>100 % coton biologique peign\u00e9 fil\u00e9 \u00e0 l\u2019anneau<\/p>\n<p>Poids du tissu : 240 GSM<\/p>\n<p>Coupe confortable<\/p>\n","protected":false},"excerpt":{"rendered":"<p>In Morocco, tea is more than a drink; it\\&#8217;s a ritual of hospitality and friendship. Each steaming glass of mint tea carries the warmth of our culture and the sweetness of our traditions. Shared in bustling markets or quiet homes, it embodies the essence of Moroccan generosity and connection.<\/p>\n","protected":false},"featured_media":1729,"comment_status":"open","ping_status":"closed","template":"","meta":{"_surecart_dashboard_logo_width":"180px","_surecart_dashboard_show_logo":true,"_surecart_dashboard_navigation_orders":true,"_surecart_dashboard_navigation_invoices":true,"_surecart_dashboard_navigation_subscriptions":true,"_surecart_dashboard_navigation_downloads":true,"_surecart_dashboard_navigation_billing":true,"_surecart_dashboard_navigation_account":true,"_uag_custom_page_level_css":""},"product_brand":[],"product_cat":[49],"product_tag":[35,36,40,50],"class_list":{"0":"post-435","1":"product","2":"type-product","3":"status-publish","4":"has-post-thumbnail","6":"product_cat-tshirt","7":"product_tag-atay","8":"product_tag-black","9":"product_tag-gluttony","10":"product_tag-tshirt","12":"first","13":"outofstock","14":"sale","15":"shipping-taxable","16":"purchasable","17":"product-type-simple"},"uagb_featured_image_src":{"full":["https:\/\/tuhfa.ma\/wp-content\/uploads\/2024\/08\/Tea-Back-Black-Solo.jpg",1280,1280,false],"thumbnail":["https:\/\/tuhfa.ma\/wp-content\/uploads\/2024\/08\/Tea-Back-Black-Solo.jpg",150,150,false],"medium":["https:\/\/tuhfa.ma\/wp-content\/uploads\/2024\/08\/Tea-Back-Black-Solo.jpg",300,300,false],"medium_large":["https:\/\/tuhfa.ma\/wp-content\/uploads\/2024\/08\/Tea-Back-Black-Solo.jpg",768,768,false],"large":["https:\/\/tuhfa.ma\/wp-content\/uploads\/2024\/08\/Tea-Back-Black-Solo.jpg",1024,1024,false],"1536x1536":["https:\/\/tuhfa.ma\/wp-content\/uploads\/2024\/08\/Tea-Back-Black-Solo.jpg",1280,1280,false],"2048x2048":["https:\/\/tuhfa.ma\/wp-content\/uploads\/2024\/08\/Tea-Back-Black-Solo.jpg",1280,1280,false],"woocommerce_archive_thumbnail":["https:\/\/tuhfa.ma\/wp-content\/uploads\/2024\/08\/Tea-Back-Black-Solo.jpg",300,300,false],"mailpoet_newsletter_max":["https:\/\/tuhfa.ma\/wp-content\/uploads\/2024\/08\/Tea-Back-Black-Solo.jpg",1280,1280,false],"woocommerce_thumbnail":["https:\/\/tuhfa.ma\/wp-content\/uploads\/2024\/08\/Tea-Back-Black-Solo.jpg",300,300,false],"woocommerce_single":["https:\/\/tuhfa.ma\/wp-content\/uploads\/2024\/08\/Tea-Back-Black-Solo.jpg",600,600,false],"woocommerce_gallery_thumbnail":["https:\/\/tuhfa.ma\/wp-content\/uploads\/2024\/08\/Tea-Back-Black-Solo.jpg",100,100,false],"woosq":["https:\/\/tuhfa.ma\/wp-content\/uploads\/2024\/08\/Tea-Back-Black-Solo.jpg",460,460,false]},"uagb_author_info":{"display_name":"admin","author_link":"https:\/\/tuhfa.ma\/?author=0"},"uagb_comment_info":1,"uagb_excerpt":"In Morocco, tea is more than a drink; it\\'s a ritual of hospitality and friendship. Each steaming glass of mint tea carries the warmth of our culture and the sweetness of our traditions. Shared in bustling markets or quiet homes, it embodies the essence of Moroccan generosity and connection.","jetpack_sharing_enabled":true,"_links":{"self":[{"href":"https:\/\/tuhfa.ma\/index.php?rest_route=\/wp\/v2\/product\/435","targetHints":{"allow":["GET"]}}],"collection":[{"href":"https:\/\/tuhfa.ma\/index.php?rest_route=\/wp\/v2\/product"}],"about":[{"href":"https:\/\/tuhfa.ma\/index.php?rest_route=\/wp\/v2\/types\/product"}],"replies":[{"embeddable":true,"href":"https:\/\/tuhfa.ma\/index.php?rest_route=%2Fwp%2Fv2%2Fcomments&post=435"}],"wp:featuredmedia":[{"embeddable":true,"href":"https:\/\/tuhfa.ma\/index.php?rest_route=\/wp\/v2\/media\/1729"}],"wp:attachment":[{"href":"https:\/\/tuhfa.ma\/index.php?rest_route=%2Fwp%2Fv2%2Fmedia&parent=435"}],"wp:term":[{"taxonomy":"product_brand","embeddable":true,"href":"https:\/\/tuhfa.ma\/index.php?rest_route=%2Fwp%2Fv2%2Fproduct_brand&post=435"},{"taxonomy":"product_cat","embeddable":true,"href":"https:\/\/tuhfa.ma\/index.php?rest_route=%2Fwp%2Fv2%2Fproduct_cat&post=435"},{"taxonomy":"product_tag","embeddable":true,"href":"https:\/\/tuhfa.ma\/index.php?rest_route=%2Fwp%2Fv2%2Fproduct_tag&post=435"}],"curies":[{"name":"wp","href":"https:\/\/api.w.org\/{rel}","templated":true}]}}